{"id":61,"date":"2023-03-18T18:56:33","date_gmt":"2023-03-18T18:56:33","guid":{"rendered":"https:\/\/diecisietedemayo.com\/?page_id=61"},"modified":"2025-01-09T12:26:10","modified_gmt":"2025-01-09T12:26:10","slug":"arigato","status":"publish","type":"page","link":"https:\/\/diecisietedemayo.com\/?page_id=61","title":{"rendered":"Arigat\u014d"},"content":{"rendered":"<p>[et_pb_section fb_built=\u00bb1&#8243; _builder_version=\u00bb4.20.2&#8243; _module_preset=\u00bbdefault\u00bb background_color=\u00bb#FFFFFF\u00bb custom_padding=\u00bb|||2px||\u00bb global_colors_info=\u00bb{}\u00bb][et_pb_row _builder_version=\u00bb4.20.2&#8243; _module_preset=\u00bbdefault\u00bb custom_padding=\u00bb||0px|||\u00bb global_colors_info=\u00bb{}\u00bb][et_pb_column type=\u00bb4_4&#8243; _builder_version=\u00bb4.20.2&#8243; _module_preset=\u00bbdefault\u00bb global_colors_info=\u00bb{}\u00bb][et_pb_text _builder_version=\u00bb4.20.2&#8243; text_font=\u00bbtechniclite||||||||\u00bb text_text_color=\u00bb#70735d\u00bb text_font_size=\u00bb53px\u00bb text_line_height=\u00bb2em\u00bb header_font=\u00bbDomine||||||||\u00bb header_font_size=\u00bb70px\u00bb header_line_height=\u00bb1.3em\u00bb min_height=\u00bb66px\u00bb text_font_size_tablet=\u00bb18px\u00bb text_font_size_phone=\u00bb37px\u00bb text_font_size_last_edited=\u00bbon|phone\u00bb header_font_size_tablet=\u00bb48px\u00bb header_font_size_phone=\u00bb38px\u00bb header_font_size_last_edited=\u00bbon|phone\u00bb locked=\u00bboff\u00bb inline_fonts=\u00bbtechniclite,Baskervville\u00bb global_colors_info=\u00bb{}\u00bb]<\/p>\n<p style=\"text-align: center;\"><span><\/span><span style=\"color: #333300;\"><b>\u3042\u308a\u304c\u3068\u3046<\/b><b> &#8211; Arigat\u014d &#8211; GRACIAS <span class=\"Apple-converted-space\">\u00a0<\/span><\/b><\/span><\/p>\n<p>[\/et_pb_text][\/et_pb_column][\/et_pb_row][et_pb_row column_structure=\u00bb1_2,1_2&#8243; _builder_version=\u00bb4.20.2&#8243; _module_preset=\u00bbdefault\u00bb custom_margin=\u00bb-62px|auto||auto||\u00bb custom_padding=\u00bb54px|||||\u00bb global_colors_info=\u00bb{}\u00bb][et_pb_column type=\u00bb1_2&#8243; _builder_version=\u00bb4.20.2&#8243; _module_preset=\u00bbdefault\u00bb global_colors_info=\u00bb{}\u00bb][et_pb_text _builder_version=\u00bb4.20.2&#8243; _module_preset=\u00bbdefault\u00bb text_text_color=\u00bb#70735d\u00bb custom_margin=\u00bb0px|||||\u00bb custom_padding=\u00bb||0px|||\u00bb global_colors_info=\u00bb{}\u00bb]<\/p>\n<p><span style=\"color: #70735d;\">\u00a1Nos casamos!\u00a0 Gracias por acompa\u00f1arnos en este camino. Lo m\u00e1s importante para nosotros es que est\u00e9is all\u00ed, disfrutando y compartiendo con nosotros un d\u00eda que hemos preparado con toda la ilusi\u00f3n del mundo.<\/span><\/p>\n<p>[\/et_pb_text][et_pb_text _builder_version=\u00bb4.20.2&#8243; _module_preset=\u00bbdefault\u00bb global_colors_info=\u00bb{}\u00bb]<\/p>\n<p style=\"text-align: center;\"><span style=\"color: #70735d;\">Si quer\u00e9is tener un detalle y ayudarnos con nuestra luna de miel por Jap\u00f3n, aqu\u00ed os dejamos nuestro n\u00famero de cuenta:<\/span><\/p>\n<p style=\"text-align: center;\"><span style=\"color: #70735d;\">Bego\u00f1a Aranda Shaw \/ Pablo Garc\u00eda Porras<\/span><\/p>\n<p style=\"text-align: center;\"><span style=\"color: #70735d;\">ES80 0182 2740 7502 0186 0859<\/span><\/p>\n<p>[\/et_pb_text][\/et_pb_column][et_pb_column type=\u00bb1_2&#8243; _builder_version=\u00bb4.20.2&#8243; _module_preset=\u00bbdefault\u00bb global_colors_info=\u00bb{}\u00bb][et_pb_image src=\u00bbhttp:\/\/diecisietedemayo.com\/wp-content\/uploads\/2025\/01\/japon.jpg\u00bb title_text=\u00bbjapon\u00bb _builder_version=\u00bb4.27.4&#8243; _module_preset=\u00bbdefault\u00bb custom_padding=\u00bb0px|||||\u00bb hover_enabled=\u00bb0&#8243; global_colors_info=\u00bb{}\u00bb sticky_enabled=\u00bb0&#8243;][\/et_pb_image][\/et_pb_column][\/et_pb_row][et_pb_row _builder_version=\u00bb4.20.2&#8243; _module_preset=\u00bbdefault\u00bb custom_padding=\u00bb0px|||||\u00bb global_colors_info=\u00bb{}\u00bb][et_pb_column type=\u00bb4_4&#8243; _builder_version=\u00bb4.20.2&#8243; _module_preset=\u00bbdefault\u00bb global_colors_info=\u00bb{}\u00bb][et_pb_text _builder_version=\u00bb4.20.2&#8243; _module_preset=\u00bbdefault\u00bb global_colors_info=\u00bb{}\u00bb]<\/p>\n<p style=\"text-align: center;\"><span style=\"color: #70735d;\">Os facilitamos tambi\u00e9n nuestros n\u00fameros de tel\u00e9fono. \u00a1No dud\u00e9is en poneros en contacto con nosotros para cualquier cosa!<\/span><\/p>\n<p><span style=\"color: #70735d;\"><a href=\"mailto:cristinacolladoccm@gmail.com\" style=\"color: #70735d;\"><\/a><\/span><\/p>\n<p style=\"text-align: center;\">\n<p>[\/et_pb_text][\/et_pb_column][\/et_pb_row][et_pb_row column_structure=\u00bb1_2,1_2&#8243; _builder_version=\u00bb4.20.2&#8243; _module_preset=\u00bbdefault\u00bb custom_margin=\u00bb-59px|auto||auto||\u00bb global_colors_info=\u00bb{}\u00bb][et_pb_column type=\u00bb1_2&#8243; _builder_version=\u00bb4.20.2&#8243; _module_preset=\u00bbdefault\u00bb global_colors_info=\u00bb{}\u00bb][et_pb_text _builder_version=\u00bb4.20.2&#8243; _module_preset=\u00bbdefault\u00bb global_colors_info=\u00bb{}\u00bb]<\/p>\n<p style=\"text-align: center;\"><strong><span style=\"color: #70735d;\">Bego\u00f1a 617 53 02 85.<\/span><\/strong><\/p>\n<p><span style=\"color: #ffffff;\"><a href=\"mailto:cristinacolladoccm@gmail.com\" style=\"color: #ffffff;\"><\/a><\/span><\/p>\n<p>[\/et_pb_text][\/et_pb_column][et_pb_column type=\u00bb1_2&#8243; _builder_version=\u00bb4.20.2&#8243; _module_preset=\u00bbdefault\u00bb global_colors_info=\u00bb{}\u00bb][et_pb_text _builder_version=\u00bb4.20.2&#8243; _module_preset=\u00bbdefault\u00bb global_colors_info=\u00bb{}\u00bb]<\/p>\n<p style=\"text-align: center;\"><strong><span style=\"color: #70735d;\">Pablo 661 15 93 16<\/span><\/strong><\/p>\n<p>[\/et_pb_text][\/et_pb_column][\/et_pb_row][\/et_pb_section]<\/p>\n","protected":false},"excerpt":{"rendered":"<p>\u3042\u308a\u304c\u3068\u3046 &#8211; Arigat\u014d &#8211; GRACIAS \u00a0\u00a1Nos casamos!\u00a0 Gracias por acompa\u00f1arnos en este camino. Lo m\u00e1s importante para nosotros es que est\u00e9is all\u00ed, disfrutando y compartiendo con nosotros un d\u00eda que hemos preparado con toda la ilusi\u00f3n del mundo.Si quer\u00e9is tener un detalle y ayudarnos con nuestra luna de miel por Jap\u00f3n, aqu\u00ed os dejamos nuestro [&hellip;]<\/p>\n","protected":false},"author":1,"featured_media":0,"parent":0,"menu_order":0,"comment_status":"closed","ping_status":"closed","template":"","meta":{"_et_pb_use_builder":"on","_et_pb_old_content":"","_et_gb_content_width":""},"_links":{"self":[{"href":"https:\/\/diecisietedemayo.com\/index.php?rest_route=\/wp\/v2\/pages\/61"}],"collection":[{"href":"https:\/\/diecisietedemayo.com\/index.php?rest_route=\/wp\/v2\/pages"}],"about":[{"href":"https:\/\/diecisietedemayo.com\/index.php?rest_route=\/wp\/v2\/types\/page"}],"author":[{"embeddable":true,"href":"https:\/\/diecisietedemayo.com\/index.php?rest_route=\/wp\/v2\/users\/1"}],"replies":[{"embeddable":true,"href":"https:\/\/diecisietedemayo.com\/index.php?rest_route=%2Fwp%2Fv2%2Fcomments&post=61"}],"version-history":[{"count":22,"href":"https:\/\/diecisietedemayo.com\/index.php?rest_route=\/wp\/v2\/pages\/61\/revisions"}],"predecessor-version":[{"id":887,"href":"https:\/\/diecisietedemayo.com\/index.php?rest_route=\/wp\/v2\/pages\/61\/revisions\/887"}],"wp:attachment":[{"href":"https:\/\/diecisietedemayo.com\/index.php?rest_route=%2Fwp%2Fv2%2Fmedia&parent=61"}],"curies":[{"name":"wp","href":"https:\/\/api.w.org\/{rel}","templated":true}]}}