{"id":57,"date":"2023-03-18T18:54:53","date_gmt":"2023-03-18T18:54:53","guid":{"rendered":"https:\/\/diecisietedemayo.com\/?page_id=57"},"modified":"2025-01-11T13:02:33","modified_gmt":"2025-01-11T13:02:33","slug":"entorno","status":"publish","type":"page","link":"https:\/\/diecisietedemayo.com\/?page_id=57","title":{"rendered":"Entorno"},"content":{"rendered":"<p>[et_pb_section fb_built=\u00bb1&#8243; _builder_version=\u00bb4.20.2&#8243; _module_preset=\u00bbdefault\u00bb custom_padding=\u00bb||0px|||\u00bb global_colors_info=\u00bb{}\u00bb][et_pb_row _builder_version=\u00bb4.20.2&#8243; _module_preset=\u00bbdefault\u00bb custom_padding=\u00bb0px|||||\u00bb global_colors_info=\u00bb{}\u00bb][et_pb_column type=\u00bb4_4&#8243; _builder_version=\u00bb4.20.2&#8243; _module_preset=\u00bbdefault\u00bb global_colors_info=\u00bb{}\u00bb][et_pb_text _builder_version=\u00bb4.20.2&#8243; _module_preset=\u00bbdefault\u00bb global_colors_info=\u00bb{}\u00bb]<\/p>\n<p style=\"text-align: center;\">\n<p style=\"text-align: center;\">Para todos aquellos que teng\u00e1is la suerte de poder pasar unos d\u00edas m\u00e1s por Ja\u00e9n, os dejamos algunas recomendaciones, para que no os perd\u00e1is nada y disfrut\u00e9is de su incre\u00edble entorno y su gastronom\u00eda.<\/p>\n<p style=\"text-align: center;\">\u00a1Que disfrut\u00e9is mucho!<\/p>\n<p>[\/et_pb_text][\/et_pb_column][\/et_pb_row][\/et_pb_section][et_pb_section fb_built=\u00bb1&#8243; _builder_version=\u00bb4.20.2&#8243; _module_preset=\u00bbdefault\u00bb custom_padding=\u00bb9px||3px|||\u00bb global_colors_info=\u00bb{}\u00bb][et_pb_row _builder_version=\u00bb4.20.2&#8243; _module_preset=\u00bbdefault\u00bb global_colors_info=\u00bb{}\u00bb][et_pb_column type=\u00bb4_4&#8243; _builder_version=\u00bb4.20.2&#8243; _module_preset=\u00bbdefault\u00bb global_colors_info=\u00bb{}\u00bb][et_pb_divider divider_weight=\u00bb4px\u00bb _builder_version=\u00bb4.20.2&#8243; _module_preset=\u00bbdefault\u00bb global_colors_info=\u00bb{}\u00bb][\/et_pb_divider][\/et_pb_column][\/et_pb_row][et_pb_row _builder_version=\u00bb4.20.2&#8243; _module_preset=\u00bbdefault\u00bb custom_padding=\u00bb43px|||||\u00bb global_colors_info=\u00bb{}\u00bb][et_pb_column type=\u00bb4_4&#8243; _builder_version=\u00bb4.20.2&#8243; _module_preset=\u00bbdefault\u00bb global_colors_info=\u00bb{}\u00bb][et_pb_text _builder_version=\u00bb4.27.4&#8243; _module_preset=\u00bbdefault\u00bb text_font=\u00bbtechniclite|700|||||||\u00bb text_text_color=\u00bb#434f3e\u00bb text_font_size=\u00bb26px\u00bb custom_padding=\u00bb0px||0px|||\u00bb global_colors_info=\u00bb{}\u00bb]<\/p>\n<p style=\"text-align: left;\"><span><\/span><span style=\"color: #4f7336;\">La Catedral de Ja\u00e9n<\/span><\/p>\n<p>[\/et_pb_text][\/et_pb_column][\/et_pb_row][\/et_pb_section][et_pb_section fb_built=\u00bb1&#8243; _builder_version=\u00bb4.20.2&#8243; _module_preset=\u00bbdefault\u00bb custom_padding=\u00bb0px|||||\u00bb global_colors_info=\u00bb{}\u00bb][et_pb_row column_structure=\u00bb3_5,2_5&#8243; _builder_version=\u00bb4.20.2&#8243; _module_preset=\u00bbdefault\u00bb global_colors_info=\u00bb{}\u00bb][et_pb_column type=\u00bb3_5&#8243; _builder_version=\u00bb4.20.2&#8243; _module_preset=\u00bbdefault\u00bb global_colors_info=\u00bb{}\u00bb][et_pb_text _builder_version=\u00bb4.20.2&#8243; _module_preset=\u00bbdefault\u00bb global_colors_info=\u00bb{}\u00bb]<\/p>\n<p><strong><\/strong><\/p>\n<div class=\"flex max-w-full flex-col flex-grow\">\n<div data-message-author-role=\"assistant\" data-message-id=\"ca3ab5a1-6423-4560-aade-f886e44466a9\" dir=\"auto\" class=\"min-h-8 text-message flex w-full flex-col items-end gap-2 whitespace-normal break-words [.text-message+&amp;]:mt-5\" data-message-model-slug=\"gpt-4o\">\n<div class=\"flex w-full flex-col gap-1 empty:hidden first:pt-[3px]\">\n<div class=\"markdown prose w-full break-words dark:prose-invert light\">\n<p><span style=\"color: #4f7336;\"><strong>La Catedral de Ja\u00e9n: Una joya que debes visitar<\/strong><\/span><\/p>\n<p>En el coraz\u00f3n de Ja\u00e9n se encuentra la <span style=\"color: #4f7336;\"><strong>Catedral de la Asunci\u00f3n de la Virgen<\/strong>,<\/span> una obra maestra del Renacimiento espa\u00f1ol dise\u00f1ada por el c\u00e9lebre arquitecto Andr\u00e9s de Vandelvira. Su imponente fachada, con detalles cl\u00e1sicos y armoniosos, da paso a un interior amplio y luminoso que rebosa arte sacro y cuenta siglos de historia. Es, sin duda, un lugar que impresiona desde el primer momento.<\/p>\n<p>Uno de sus mayores tesoros es el<span style=\"color: #4f7336;\"> <strong>Santo Rostro<\/strong>,<\/span> una reliquia que, seg\u00fan la tradici\u00f3n, muestra la imagen del rostro de Cristo. Este pa\u00f1o sagrado convierte a la catedral en un importante lugar de peregrinaci\u00f3n, atrayendo a visitantes de todas partes del mundo que buscan contemplar este s\u00edmbolo de fe y devoci\u00f3n.<\/p>\n<p>Subir a las torres de la catedral es una experiencia imprescindible. Desde lo alto, podr\u00e1s disfrutar de vistas espectaculares de Ja\u00e9n, con sus calles hist\u00f3ricas y los interminables campos de olivos que caracterizan el paisaje de la provincia.<\/p>\n<p>no te la pierdas. \u00a1Te sorprender\u00e1 y te conquistar\u00e1!<\/p>\n<\/div>\n<\/div>\n<\/div>\n<\/div>\n<p>[\/et_pb_text][\/et_pb_column][et_pb_column type=\u00bb2_5&#8243; _builder_version=\u00bb4.20.2&#8243; _module_preset=\u00bbdefault\u00bb global_colors_info=\u00bb{}\u00bb][et_pb_image src=\u00bbhttp:\/\/diecisietedemayo.com\/wp-content\/uploads\/2024\/11\/Sin-titulo-225.png\u00bb title_text=\u00bbSin t\u00edtulo-225&#8243; _builder_version=\u00bb4.20.2&#8243; _module_preset=\u00bbdefault\u00bb global_colors_info=\u00bb{}\u00bb][\/et_pb_image][\/et_pb_column][\/et_pb_row][et_pb_row _builder_version=\u00bb4.20.2&#8243; _module_preset=\u00bbdefault\u00bb custom_padding=\u00bb43px|||||\u00bb global_colors_info=\u00bb{}\u00bb][et_pb_column type=\u00bb4_4&#8243; _builder_version=\u00bb4.20.2&#8243; _module_preset=\u00bbdefault\u00bb global_colors_info=\u00bb{}\u00bb][et_pb_text _builder_version=\u00bb4.27.4&#8243; _module_preset=\u00bbdefault\u00bb text_font=\u00bbtechniclite|700|||||||\u00bb text_text_color=\u00bb#434f3e\u00bb text_font_size=\u00bb26px\u00bb global_colors_info=\u00bb{}\u00bb]<\/p>\n<p style=\"text-align: left;\"><span><\/span><span style=\"color: #4f7336;\">El Castillo de Santa Catalina<\/span><\/p>\n<p>[\/et_pb_text][\/et_pb_column][\/et_pb_row][et_pb_row column_structure=\u00bb3_5,2_5&#8243; _builder_version=\u00bb4.20.2&#8243; _module_preset=\u00bbdefault\u00bb custom_padding=\u00bb36px|||||\u00bb global_colors_info=\u00bb{}\u00bb][et_pb_column type=\u00bb3_5&#8243; _builder_version=\u00bb4.20.2&#8243; _module_preset=\u00bbdefault\u00bb global_colors_info=\u00bb{}\u00bb][et_pb_text _builder_version=\u00bb4.20.2&#8243; _module_preset=\u00bbdefault\u00bb global_colors_info=\u00bb{}\u00bb]<\/p>\n<p><span style=\"color: #4f7336;\"><strong>El Castillo de Santa Catalina,<\/strong><\/span> ubicado en Ja\u00e9n, es uno de los monumentos m\u00e1s emblem\u00e1ticos de la ciudad. Con sus impresionantes murallas y su ubicaci\u00f3n estrat\u00e9gica sobre una colina, ofrece una vista panor\u00e1mica \u00fanica de toda la comarca. Este castillo tiene una rica historia que se remonta al siglo XIII.<\/p>\n<p>Al recorrer sus antiguos pasillos y torres, puedes sumergirte en la historia medieval de Ja\u00e9n. Su arquitectura es un reflejo de las diversas influencias que ha recibido a lo largo de los siglos.<\/p>\n<p>El Castillo de Santa Catalina es perfecto para los amantes de la fotograf\u00eda y la historia. Sus vistas, que abarcan desde la ciudad hasta las monta\u00f1as, son realmente espectaculares.<\/p>\n<p>Visitar este castillo es una experiencia inolvidable que te permite conocer m\u00e1s sobre Ja\u00e9n. Su belleza, su historia y su ubicaci\u00f3n lo convierten en un lugar imprescindible para todo aquel que visite la ciudad.\u00a0<\/p>\n<p>[\/et_pb_text][\/et_pb_column][et_pb_column type=\u00bb2_5&#8243; _builder_version=\u00bb4.20.2&#8243; _module_preset=\u00bbdefault\u00bb global_colors_info=\u00bb{}\u00bb][et_pb_image src=\u00bbhttp:\/\/diecisietedemayo.com\/wp-content\/uploads\/2024\/11\/7-1.png\u00bb title_text=\u00bb7&#8243; _builder_version=\u00bb4.20.2&#8243; _module_preset=\u00bbdefault\u00bb global_colors_info=\u00bb{}\u00bb][\/et_pb_image][\/et_pb_column][\/et_pb_row][et_pb_row _builder_version=\u00bb4.20.2&#8243; _module_preset=\u00bbdefault\u00bb custom_padding=\u00bb43px|||||\u00bb global_colors_info=\u00bb{}\u00bb][et_pb_column type=\u00bb4_4&#8243; _builder_version=\u00bb4.20.2&#8243; _module_preset=\u00bbdefault\u00bb global_colors_info=\u00bb{}\u00bb][et_pb_text _builder_version=\u00bb4.27.4&#8243; _module_preset=\u00bbdefault\u00bb text_font=\u00bbtechniclite|700|||||||\u00bb text_text_color=\u00bb#434f3e\u00bb text_font_size=\u00bb26px\u00bb global_colors_info=\u00bb{}\u00bb]<\/p>\n<p style=\"text-align: left;\"><span><\/span><span style=\"color: #4f7336;\"><strong>Palacio de Villardompardo y Los ba\u00f1os \u00e1rabes<\/strong><\/span><\/p>\n<p>[\/et_pb_text][\/et_pb_column][\/et_pb_row][et_pb_row column_structure=\u00bb3_5,2_5&#8243; _builder_version=\u00bb4.20.2&#8243; _module_preset=\u00bbdefault\u00bb custom_padding=\u00bb36px|||||\u00bb global_colors_info=\u00bb{}\u00bb][et_pb_column type=\u00bb3_5&#8243; _builder_version=\u00bb4.20.2&#8243; _module_preset=\u00bbdefault\u00bb global_colors_info=\u00bb{}\u00bb][et_pb_text _builder_version=\u00bb4.20.2&#8243; _module_preset=\u00bbdefault\u00bb global_colors_info=\u00bb{}\u00bb]<\/p>\n<p><span style=\"color: #4f7336;\"><strong>Palacio de Villardompardo y Los ba\u00f1os \u00e1rabes<\/strong><\/span><\/p>\n<p>El Palacio de Villardompardo, situado en Ja\u00e9n, es una joya arquitect\u00f3nica que mezcla el estilo renacentista con elementos de la \u00e9poca medieval. Su construcci\u00f3n refleja la historia y el esplendor de la ciudad en tiempos pasados. Hoy en d\u00eda, alberga una de las mayores maravillas de la ciudad: los Ba\u00f1os \u00c1rabes.<\/p>\n<p>Los Ba\u00f1os \u00c1rabes de Ja\u00e9n, situados en el interior del palacio, son uno de los mejor conservados de Espa\u00f1a. Construidos en el siglo XI, ofrecen una muestra impresionante de la ingenier\u00eda y el arte musulm\u00e1n. Su sistema de agua y sus detalles arquitect\u00f3nicos te transportan directamente a la \u00e9poca medieval.<\/p>\n<p>&nbsp;<\/p>\n<p>La combinaci\u00f3n de historia, arte y arquitectura lo convierte en una parada imprescindible para los amantes de la cultura.\u00a0<\/p>\n<p>&nbsp;<\/p>\n<p>[\/et_pb_text][\/et_pb_column][et_pb_column type=\u00bb2_5&#8243; _builder_version=\u00bb4.20.2&#8243; _module_preset=\u00bbdefault\u00bb global_colors_info=\u00bb{}\u00bb][et_pb_image src=\u00bbhttp:\/\/diecisietedemayo.com\/wp-content\/uploads\/2024\/11\/W.png\u00bb title_text=\u00bbW\u00bb _builder_version=\u00bb4.20.2&#8243; _module_preset=\u00bbdefault\u00bb global_colors_info=\u00bb{}\u00bb][\/et_pb_image][\/et_pb_column][\/et_pb_row][et_pb_row _builder_version=\u00bb4.20.2&#8243; _module_preset=\u00bbdefault\u00bb custom_padding=\u00bb43px|||||\u00bb global_colors_info=\u00bb{}\u00bb][et_pb_column type=\u00bb4_4&#8243; _builder_version=\u00bb4.20.2&#8243; _module_preset=\u00bbdefault\u00bb global_colors_info=\u00bb{}\u00bb][et_pb_text _builder_version=\u00bb4.27.4&#8243; _module_preset=\u00bbdefault\u00bb text_font=\u00bbtechniclite|700|||||||\u00bb text_text_color=\u00bb#434f3e\u00bb text_font_size=\u00bb26px\u00bb global_colors_info=\u00bb{}\u00bb]<\/p>\n<p style=\"text-align: left;\"><span><\/span><span style=\"color: #4f7336;\"><strong>Iglesia de la Magdalena<\/strong><\/span><\/p>\n<p>[\/et_pb_text][\/et_pb_column][\/et_pb_row][et_pb_row column_structure=\u00bb3_5,2_5&#8243; _builder_version=\u00bb4.20.2&#8243; _module_preset=\u00bbdefault\u00bb custom_padding=\u00bb36px|||||\u00bb global_colors_info=\u00bb{}\u00bb][et_pb_column type=\u00bb3_5&#8243; _builder_version=\u00bb4.20.2&#8243; _module_preset=\u00bbdefault\u00bb global_colors_info=\u00bb{}\u00bb][et_pb_text _builder_version=\u00bb4.20.2&#8243; _module_preset=\u00bbdefault\u00bb custom_padding=\u00bb1px|||||\u00bb global_colors_info=\u00bb{}\u00bb]<\/p>\n<p><span style=\"color: #4f7336;\"><strong>La Iglesia de la Magdalena<\/strong><\/span><\/p>\n<p>La Iglesia de la Magdalena, ubicada en el coraz\u00f3n de Ja\u00e9n, es uno de los monumentos m\u00e1s emblem\u00e1ticos de la ciudad. Su arquitectura mezcla estilos g\u00f3tico y renacentista, lo que la convierte en una joya hist\u00f3rica. Cada rinc\u00f3n de la iglesia refleja la riqueza cultural de la regi\u00f3n.<\/p>\n<p>En su interior, destacan los detalles art\u00edsticos de su altar mayor y los hermosos frescos que decoran sus paredes. La iglesia alberga tambi\u00e9n una impresionante imagen de la Virgen de la Magdalena, venerada por los jiennenses. Estos elementos hacen de la iglesia un lugar de devoci\u00f3n y arte.<\/p>\n<p>Visitar la Iglesia de la Magdalena es adentrarse en la historia religiosa de Ja\u00e9n, donde la espiritualidad y el arte se fusionan de manera \u00fanica. Adem\u00e1s, su ubicaci\u00f3n permite disfrutar de una vista panor\u00e1mica del casco antiguo de la ciudad. Es un sitio ideal para los amantes de la historia y la arquitectura.<\/p>\n<p>&nbsp;<\/p>\n<p>[\/et_pb_text][\/et_pb_column][et_pb_column type=\u00bb2_5&#8243; _builder_version=\u00bb4.20.2&#8243; _module_preset=\u00bbdefault\u00bb global_colors_info=\u00bb{}\u00bb][et_pb_image src=\u00bbhttp:\/\/diecisietedemayo.com\/wp-content\/uploads\/2024\/11\/FF.png\u00bb title_text=\u00bbFF\u00bb _builder_version=\u00bb4.20.2&#8243; _module_preset=\u00bbdefault\u00bb global_colors_info=\u00bb{}\u00bb][\/et_pb_image][\/et_pb_column][\/et_pb_row][et_pb_row _builder_version=\u00bb4.20.2&#8243; _module_preset=\u00bbdefault\u00bb custom_padding=\u00bb43px|||||\u00bb global_colors_info=\u00bb{}\u00bb][et_pb_column type=\u00bb4_4&#8243; _builder_version=\u00bb4.20.2&#8243; _module_preset=\u00bbdefault\u00bb global_colors_info=\u00bb{}\u00bb][et_pb_text _builder_version=\u00bb4.27.4&#8243; _module_preset=\u00bbdefault\u00bb text_font=\u00bbtechniclite|700|||||||\u00bb text_text_color=\u00bb#434f3e\u00bb text_font_size=\u00bb26px\u00bb global_colors_info=\u00bb{}\u00bb]<\/p>\n<p style=\"text-align: left;\"><span><\/span><span style=\"color: #4f7336;\">Bas\u00edlica de San Ildelfonso<\/span><\/p>\n<p>[\/et_pb_text][\/et_pb_column][\/et_pb_row][et_pb_row column_structure=\u00bb3_5,2_5&#8243; _builder_version=\u00bb4.20.2&#8243; _module_preset=\u00bbdefault\u00bb custom_padding=\u00bb36px|||||\u00bb global_colors_info=\u00bb{}\u00bb][et_pb_column type=\u00bb3_5&#8243; _builder_version=\u00bb4.20.2&#8243; _module_preset=\u00bbdefault\u00bb global_colors_info=\u00bb{}\u00bb][et_pb_text _builder_version=\u00bb4.20.2&#8243; _module_preset=\u00bbdefault\u00bb global_colors_info=\u00bb{}\u00bb]<\/p>\n<p>La Iglesia de San Idelfonso, ubicada en Ja\u00e9n, es una joya del barroco andaluz. Su impresionante fachada y su arquitectura te dejar\u00e1n sin palabras.<\/p>\n<p>Dentro, destaca su retablo mayor, con detalles dorados que capturan la esencia del arte religioso. El ambiente tranquilo invita a la reflexi\u00f3n y la admiraci\u00f3n.<\/p>\n<p>La iglesia tambi\u00e9n alberga varios elementos art\u00edsticos que reflejan la historia de Ja\u00e9n. Cada rinc\u00f3n est\u00e1 cargado de belleza y espiritualidad.<\/p>\n<p>Visitar la Iglesia de San Idelfonso es una experiencia \u00fanica para los amantes del arte y la historia. Su majestuosidad y su importancia cultural hacen de ella un lugar imprescindible.<\/p>\n<p>[\/et_pb_text][\/et_pb_column][et_pb_column type=\u00bb2_5&#8243; _builder_version=\u00bb4.20.2&#8243; _module_preset=\u00bbdefault\u00bb global_colors_info=\u00bb{}\u00bb][et_pb_image src=\u00bbhttp:\/\/diecisietedemayo.com\/wp-content\/uploads\/2024\/11\/6-1.png\u00bb title_text=\u00bb6&#8243; _builder_version=\u00bb4.20.2&#8243; _module_preset=\u00bbdefault\u00bb global_colors_info=\u00bb{}\u00bb][\/et_pb_image][\/et_pb_column][\/et_pb_row][et_pb_row _builder_version=\u00bb4.20.2&#8243; _module_preset=\u00bbdefault\u00bb custom_padding=\u00bb43px|||||\u00bb global_colors_info=\u00bb{}\u00bb][et_pb_column type=\u00bb4_4&#8243; _builder_version=\u00bb4.20.2&#8243; _module_preset=\u00bbdefault\u00bb global_colors_info=\u00bb{}\u00bb][et_pb_text _builder_version=\u00bb4.20.2&#8243; _module_preset=\u00bbdefault\u00bb text_font=\u00bbtechniclite|700|||||||\u00bb text_text_color=\u00bb#434f3e\u00bb text_font_size=\u00bb36px\u00bb global_colors_info=\u00bb{}\u00bb]<\/p>\n<p style=\"text-align: left;\"><span><\/span><span style=\"color: #4f7336;\">Diputaci\u00f3n<\/span><\/p>\n<p>[\/et_pb_text][\/et_pb_column][\/et_pb_row][et_pb_row column_structure=\u00bb3_5,2_5&#8243; _builder_version=\u00bb4.20.2&#8243; _module_preset=\u00bbdefault\u00bb custom_padding=\u00bb36px||9px|||\u00bb global_colors_info=\u00bb{}\u00bb][et_pb_column type=\u00bb3_5&#8243; _builder_version=\u00bb4.20.2&#8243; _module_preset=\u00bbdefault\u00bb global_colors_info=\u00bb{}\u00bb][et_pb_text _builder_version=\u00bb4.20.2&#8243; _module_preset=\u00bbdefault\u00bb global_colors_info=\u00bb{}\u00bb]<\/p>\n<p>El edificio de la Diputaci\u00f3n de Ja\u00e9n es una joya arquitect\u00f3nica que refleja la elegancia y el poder de la ciudad. Su fachada, de estilo neocl\u00e1sico, impresiona por su simetr\u00eda y detalles ornamentales, destacando en el coraz\u00f3n del centro hist\u00f3rico de Ja\u00e9n.<\/p>\n<p>Dentro, el edificio alberga elementos hist\u00f3ricos y art\u00edsticos que dan cuenta de la evoluci\u00f3n pol\u00edtica de la provincia. Desde sus patios interiores hasta sus grandes salas, cada rinc\u00f3n invita a descubrir la rica historia local.<\/p>\n<p>La Diputaci\u00f3n no solo es un lugar de trabajo administrativo, sino un espacio abierto para que los visitantes disfruten de su belleza. Su ubicaci\u00f3n cerca de otros puntos tur\u00edsticos de Ja\u00e9n hace que sea f\u00e1cil incluirla en cualquier recorrido por la ciudad.<\/p>\n<p>Este emblem\u00e1tico edificio te permite conocer m\u00e1s sobre el desarrollo de Ja\u00e9n, su cultura y tradiciones.\u00a0<\/p>\n<p>[\/et_pb_text][\/et_pb_column][et_pb_column type=\u00bb2_5&#8243; _builder_version=\u00bb4.20.2&#8243; _module_preset=\u00bbdefault\u00bb global_colors_info=\u00bb{}\u00bb][et_pb_image src=\u00bbhttp:\/\/diecisietedemayo.com\/wp-content\/uploads\/2024\/11\/SSS.png\u00bb title_text=\u00bbSSS\u00bb _builder_version=\u00bb4.20.2&#8243; _module_preset=\u00bbdefault\u00bb global_colors_info=\u00bb{}\u00bb][\/et_pb_image][\/et_pb_column][\/et_pb_row][et_pb_row _builder_version=\u00bb4.20.2&#8243; _module_preset=\u00bbdefault\u00bb custom_margin=\u00bb33px|auto||auto||\u00bb custom_padding=\u00bb43px|||||\u00bb global_colors_info=\u00bb{}\u00bb][et_pb_column type=\u00bb4_4&#8243; _builder_version=\u00bb4.20.2&#8243; _module_preset=\u00bbdefault\u00bb global_colors_info=\u00bb{}\u00bb][et_pb_text _builder_version=\u00bb4.27.4&#8243; _module_preset=\u00bbdefault\u00bb text_font=\u00bbtechniclite|700|||||||\u00bb text_text_color=\u00bb#434f3e\u00bb text_font_size=\u00bb26px\u00bb global_colors_info=\u00bb{}\u00bb]<\/p>\n<p style=\"text-align: left;\"><span><\/span><span style=\"color: #4f7336;\">Museo \u00cdbero de Ja\u00e9n<\/span><\/p>\n<p>[\/et_pb_text][\/et_pb_column][\/et_pb_row][et_pb_row column_structure=\u00bb3_5,2_5&#8243; _builder_version=\u00bb4.20.2&#8243; _module_preset=\u00bbdefault\u00bb custom_padding=\u00bb36px|||||\u00bb global_colors_info=\u00bb{}\u00bb][et_pb_column type=\u00bb3_5&#8243; _builder_version=\u00bb4.20.2&#8243; _module_preset=\u00bbdefault\u00bb global_colors_info=\u00bb{}\u00bb][et_pb_text _builder_version=\u00bb4.20.2&#8243; _module_preset=\u00bbdefault\u00bb global_colors_info=\u00bb{}\u00bb]<\/p>\n<p><span style=\"color: #4f7336;\"><strong>El Museo Ibero<\/strong><\/span> de Ja\u00e9n es un espacio moderno que presenta la rica herencia cultural de la antigua Iberoam\u00e9rica. Su arquitectura contempor\u00e1nea se combina perfectamente con las exposiciones que destacan la historia y el arte de los pueblos iberos.<\/p>\n<p>Este museo alberga una impresionante colecci\u00f3n de piezas arqueol\u00f3gicas, entre las que se encuentran esculturas y objetos rituales. Cada exposici\u00f3n ofrece una visi\u00f3n fascinante de las civilizaciones que habitaron la regi\u00f3n hace miles de a\u00f1os.<\/p>\n<p>Visitar el eMuseo Ibero es una oportunidad \u00fanica para sumergirse en la historia antigua y explorar el legado ib\u00e9rico. Adem\u00e1s, el museo organiza actividades interactivas que enriquecen la experiencia de los visitantes.<\/p>\n<p>Este museo es una parada imprescindible para los amantes de la historia y la arqueolog\u00eda.\u00a0<\/p>\n<p>[\/et_pb_text][\/et_pb_column][et_pb_column type=\u00bb2_5&#8243; _builder_version=\u00bb4.20.2&#8243; _module_preset=\u00bbdefault\u00bb global_colors_info=\u00bb{}\u00bb][et_pb_image src=\u00bbhttp:\/\/diecisietedemayo.com\/wp-content\/uploads\/2024\/11\/AA.png\u00bb title_text=\u00bbAA\u00bb _builder_version=\u00bb4.20.2&#8243; _module_preset=\u00bbdefault\u00bb global_colors_info=\u00bb{}\u00bb][\/et_pb_image][\/et_pb_column][\/et_pb_row][et_pb_row _builder_version=\u00bb4.20.2&#8243; _module_preset=\u00bbdefault\u00bb global_colors_info=\u00bb{}\u00bb][et_pb_column type=\u00bb4_4&#8243; _builder_version=\u00bb4.20.2&#8243; _module_preset=\u00bbdefault\u00bb global_colors_info=\u00bb{}\u00bb][et_pb_divider divider_weight=\u00bb4px\u00bb _builder_version=\u00bb4.20.2&#8243; _module_preset=\u00bbdefault\u00bb custom_margin=\u00bb8px|||||\u00bb custom_padding=\u00bb||0px|||\u00bb global_colors_info=\u00bb{}\u00bb][\/et_pb_divider][\/et_pb_column][\/et_pb_row][et_pb_row _builder_version=\u00bb4.20.2&#8243; _module_preset=\u00bbdefault\u00bb custom_padding=\u00bb0px|||||\u00bb global_colors_info=\u00bb{}\u00bb][et_pb_column type=\u00bb4_4&#8243; _builder_version=\u00bb4.20.2&#8243; _module_preset=\u00bbdefault\u00bb global_colors_info=\u00bb{}\u00bb][et_pb_text _builder_version=\u00bb4.20.2&#8243; _module_preset=\u00bbdefault\u00bb text_font=\u00bbtechniclite|700|||||||\u00bb text_text_color=\u00bb#434f3e\u00bb text_font_size=\u00bb36px\u00bb text_line_height=\u00bb1.6em\u00bb text_font_size_tablet=\u00bb36px\u00bb text_font_size_phone=\u00bb36px\u00bb text_font_size_last_edited=\u00bbon|phone\u00bb global_colors_info=\u00bb{}\u00bb]<\/p>\n<p style=\"text-align: left;\"><span style=\"color: #4f7336;\">IR DE TAPAS<\/span><\/p>\n<p>[\/et_pb_text][et_pb_text _builder_version=\u00bb4.20.2&#8243; _module_preset=\u00bbdefault\u00bb global_colors_info=\u00bb{}\u00bb]<\/p>\n<p>\u00a1Te dejamos nuestras recomendaciones de bares de tapas en Ja\u00e9n! Aqu\u00ed podr\u00e1s disfrutar de las mejores tapas, buen ambiente y el aut\u00e9ntico sabor de la ciudad. \u00a1No te los pierdas!\u00a0<\/p>\n<p>Panaceite<br \/>Pato rojo<br \/>Cuatro esquinas<br \/>Santuario<br \/>Mangas verdes<\/p>\n<p>Las Tascas: La Barra, La Espada\u00f1a, El gorri\u00f3n, La Manchega, El Calentito&#8230;<\/p>\n<p>[\/et_pb_text][\/et_pb_column][\/et_pb_row][et_pb_row _builder_version=\u00bb4.20.2&#8243; _module_preset=\u00bbdefault\u00bb custom_padding=\u00bb0px|||||\u00bb global_colors_info=\u00bb{}\u00bb][et_pb_column type=\u00bb4_4&#8243; _builder_version=\u00bb4.20.2&#8243; _module_preset=\u00bbdefault\u00bb global_colors_info=\u00bb{}\u00bb][et_pb_text _builder_version=\u00bb4.20.2&#8243; _module_preset=\u00bbdefault\u00bb text_font=\u00bbtechniclite|700|||||||\u00bb text_text_color=\u00bb#434f3e\u00bb text_font_size=\u00bb36px\u00bb text_line_height=\u00bb1.6em\u00bb custom_padding=\u00bb36px|||||\u00bb text_font_size_tablet=\u00bb36px\u00bb text_font_size_phone=\u00bb36px\u00bb text_font_size_last_edited=\u00bbon|phone\u00bb global_colors_info=\u00bb{}\u00bb]<\/p>\n<p style=\"text-align: left;\"><span style=\"color: #4f7336;\">RESTAURANTES<\/span><\/p>\n<p>[\/et_pb_text][et_pb_text _builder_version=\u00bb4.27.4&#8243; _module_preset=\u00bbdefault\u00bb hover_enabled=\u00bb0&#8243; global_colors_info=\u00bb{}\u00bb sticky_enabled=\u00bb0&#8243;]<\/p>\n<p>\u00a1Si prefieres disfrutar de una buena comida en lugar de tapear, aqu\u00ed tienes nuestras recomendaciones de restaurantes. \u00a1Sabores \u00fanicos, platos bien elaborados y el mejor ambiente te esperan!<\/p>\n<p>Bag\u00e1 (estrella Michelin)<br \/>Malak (estrella Michelin)<br \/>Radis (estrella Michelin)<br \/>Casa Antonio<br \/>Dama Juana<br \/>La Maestra\u00a0 \u00a0 \u00a0 \u00a0 \u00a0 \u00a0 \u00a0 \u00a0 \u00a0 \u00a0 \u00a0 \u00a0 \u00a0 \u00a0 \u00a0 \u00a0 \u00a0 \u00a0 <br \/>Discovery<br \/>Stadium<\/p>\n<p>[\/et_pb_text][\/et_pb_column][\/et_pb_row][et_pb_row _builder_version=\u00bb4.20.2&#8243; _module_preset=\u00bbdefault\u00bb global_colors_info=\u00bb{}\u00bb][et_pb_column type=\u00bb4_4&#8243; _builder_version=\u00bb4.20.2&#8243; _module_preset=\u00bbdefault\u00bb global_colors_info=\u00bb{}\u00bb][et_pb_divider divider_weight=\u00bb4px\u00bb _builder_version=\u00bb4.20.2&#8243; _module_preset=\u00bbdefault\u00bb custom_margin=\u00bb8px|||||\u00bb custom_padding=\u00bb||0px|||\u00bb global_colors_info=\u00bb{}\u00bb][\/et_pb_divider][\/et_pb_column][\/et_pb_row][\/et_pb_section]<\/p>\n","protected":false},"excerpt":{"rendered":"<p>Para todos aquellos que teng\u00e1is la suerte de poder pasar unos d\u00edas m\u00e1s por Ja\u00e9n, os dejamos algunas recomendaciones, para que no os perd\u00e1is nada y disfrut\u00e9is de su incre\u00edble entorno y su gastronom\u00eda. \u00a1Que disfrut\u00e9is mucho!La Catedral de Ja\u00e9n La Catedral de Ja\u00e9n: Una joya que debes visitar En el coraz\u00f3n de Ja\u00e9n se [&hellip;]<\/p>\n","protected":false},"author":1,"featured_media":0,"parent":0,"menu_order":0,"comment_status":"closed","ping_status":"closed","template":"","meta":{"_et_pb_use_builder":"on","_et_pb_old_content":"","_et_gb_content_width":""},"_links":{"self":[{"href":"https:\/\/diecisietedemayo.com\/index.php?rest_route=\/wp\/v2\/pages\/57"}],"collection":[{"href":"https:\/\/diecisietedemayo.com\/index.php?rest_route=\/wp\/v2\/pages"}],"about":[{"href":"https:\/\/diecisietedemayo.com\/index.php?rest_route=\/wp\/v2\/types\/page"}],"author":[{"embeddable":true,"href":"https:\/\/diecisietedemayo.com\/index.php?rest_route=\/wp\/v2\/users\/1"}],"replies":[{"embeddable":true,"href":"https:\/\/diecisietedemayo.com\/index.php?rest_route=%2Fwp%2Fv2%2Fcomments&post=57"}],"version-history":[{"count":35,"href":"https:\/\/diecisietedemayo.com\/index.php?rest_route=\/wp\/v2\/pages\/57\/revisions"}],"predecessor-version":[{"id":905,"href":"https:\/\/diecisietedemayo.com\/index.php?rest_route=\/wp\/v2\/pages\/57\/revisions\/905"}],"wp:attachment":[{"href":"https:\/\/diecisietedemayo.com\/index.php?rest_route=%2Fwp%2Fv2%2Fmedia&parent=57"}],"curies":[{"name":"wp","href":"https:\/\/api.w.org\/{rel}","templated":true}]}}