{"id":53,"date":"2023-03-18T18:54:05","date_gmt":"2023-03-18T18:54:05","guid":{"rendered":"https:\/\/diecisietedemayo.com\/?page_id=53"},"modified":"2025-01-11T13:06:15","modified_gmt":"2025-01-11T13:06:15","slug":"alojamientos","status":"publish","type":"page","link":"https:\/\/diecisietedemayo.com\/?page_id=53","title":{"rendered":"Alojamientos"},"content":{"rendered":"<p>[et_pb_section fb_built=\u00bb1&#8243; admin_label=\u00bbHeader\u00bb _builder_version=\u00bb4.20.2&#8243; _module_preset=\u00bbdefault\u00bb background_color=\u00bb#FFFFFF\u00bb background_enable_image=\u00bboff\u00bb background_position=\u00bbtop_center\u00bb custom_padding=\u00bb0px||45px||false|false\u00bb locked=\u00bboff\u00bb collapsed=\u00bbon\u00bb global_colors_info=\u00bb{%22gcid-9fa4a1b6-767d-41ca-984c-a6f10449c843%22:%91%22background_color_gradient_stops%22%93}\u00bb][et_pb_row _builder_version=\u00bb4.20.0&#8243; _module_preset=\u00bbdefault\u00bb custom_padding=\u00bb27px||0px|||\u00bb global_colors_info=\u00bb{}\u00bb][et_pb_column type=\u00bb4_4&#8243; _builder_version=\u00bb4.20.0&#8243; _module_preset=\u00bbdefault\u00bb global_colors_info=\u00bb{}\u00bb][et_pb_text _builder_version=\u00bb4.20.2&#8243; _module_preset=\u00bbcc83d2b9-368b-42b2-9986-2a37ab86d245&#8243; text_font=\u00bbBaskervville||||||||\u00bb text_font_size=\u00bb12px\u00bb text_letter_spacing=\u00bb5px\u00bb header_4_text_color=\u00bb#E0DAD2&#8243; text_orientation=\u00bbcenter\u00bb custom_margin=\u00bb||10px||false|false\u00bb custom_padding=\u00bb8px|||||\u00bb inline_fonts=\u00bbtechniclite,Abril Fatface\u00bb global_colors_info=\u00bb{}\u00bb]<\/p>\n<p><span style=\"font-family: techniclite; font-weight: normal; color: #434f3e;\"><b>\u00a0 \u00a0ALOJAMIENTOS<\/b><\/span><\/p>\n<p>[\/et_pb_text][et_pb_text _builder_version=\u00bb4.20.2&#8243; _module_preset=\u00bb779cb3d5-6a9e-42de-8fec-b9cb9c6ba0c1&#8243; text_font=\u00bbtechniclite||||||||\u00bb text_text_color=\u00bb#FFFFFF\u00bb text_font_size=\u00bb72px\u00bb text_line_height=\u00bb1.2em\u00bb header_text_color=\u00bbgcid-11d3dbbb-f6dc-4fb8-929b-9d6994368d00&#8243; text_orientation=\u00bbcenter\u00bb inline_fonts=\u00bbAbel\u00bb global_colors_info=\u00bb{%22gcid-11d3dbbb-f6dc-4fb8-929b-9d6994368d00%22:%91%22header_text_color%22%93}\u00bb]<\/p>\n<p><span style=\"color: #2b4025;\"><strong>JA\u00c9N<\/strong><\/span><\/p>\n<p>[\/et_pb_text][et_pb_text _builder_version=\u00bb4.27.4&#8243; _module_preset=\u00bbdefault\u00bb global_colors_info=\u00bb{}\u00bb]<\/p>\n<p style=\"text-align: center;\">Debido al evento Expoliva, que se celebra ese mismo fin de semana, la mayor\u00eda ya tendr\u00e9is reservado vuestro alojamiento. Sin embargo, os lo recordamos por si a\u00fan no hab\u00e9is hecho vuestra reserva. Estos son los alojamientos que hemos podido apalabrar:<\/p>\n<p style=\"text-align: center;\">[\/et_pb_text][\/et_pb_column][\/et_pb_row][\/et_pb_section][et_pb_section fb_built=\u00bb1&#8243; admin_label=\u00bbServices\u00bb _builder_version=\u00bb4.20.2&#8243; _module_preset=\u00bbdefault\u00bb background_color=\u00bb#FFFFFF\u00bb min_height=\u00bb1037.8px\u00bb custom_padding=\u00bb0px||0px|||\u00bb collapsed=\u00bbon\u00bb global_colors_info=\u00bb{}\u00bb][et_pb_row make_equal=\u00bbon\u00bb _builder_version=\u00bb4.20.2&#8243; _module_preset=\u00bbdefault\u00bb locked=\u00bboff\u00bb global_colors_info=\u00bb{}\u00bb][et_pb_column type=\u00bb4_4&#8243; _builder_version=\u00bb4.20.2&#8243; _module_preset=\u00bbdefault\u00bb global_colors_info=\u00bb{}\u00bb][et_pb_text _builder_version=\u00bb4.27.4&#8243; _module_preset=\u00bb9f092da0-0372-4ede-ac49-d38a124b05a1&#8243; text_text_color=\u00bb#FFFFFF\u00bb text_orientation=\u00bbcenter\u00bb custom_margin=\u00bb|-14px||||\u00bb custom_padding=\u00bb33px|||||\u00bb hover_enabled=\u00bb0&#8243; inline_fonts=\u00bbtechniclite\u00bb global_colors_info=\u00bb{}\u00bb sticky_enabled=\u00bb0&#8243;]<\/p>\n<h3 style=\"text-align: left;\"><span style=\"color: #4f7336;\"><span style=\"font-family: techniclite;\"><b>Hotel Condestable Iranzo **<\/b><\/span><span style=\"font-family: techniclite;\"><b>**<\/b><\/span><\/span><\/h3>\n<p style=\"text-align: left;\"><span style=\"color: #000000;\">No hacen bloqueos como tal sino que hacemos acuerdo con ellos en precio para que pod\u00e1is ir reservando hasta que se llenen, simplemente llamando al 953222800 o correo a comercial@hotelcondestableiranzo.com con el c\u00f3digo \u00abboda Bego\u00f1a y Pablo\u00bb os reservar\u00e1n la habitaci\u00f3n.<\/span><\/p>\n<p style=\"text-align: left;\"><span style=\"color: #000000;\"><\/span><\/p>\n<p style=\"text-align: left;\"><span style=\"color: #000000;\">Precios<br \/>Doble: 100\u20ac\/noche<br \/>Individual: 90\u20ac\/noche<br \/>Triple: 130\u20ac\/noche, <br \/>Desayuno buffet: 11\u20ac\/persona, (no lo recomendamos ya que hay cafeter\u00cda en el hotel y en los alrededores a mejor precio)<br \/>Cancelaci\u00f3n gratuita 48h antes.<br \/>El hotel dispone de garaje con pocas plazas, pero, justo frente al hotel, hay un parking p\u00fablico. Si prefer\u00eds aparcar en la calle, tampoco creemos que haya problema.<\/span><\/p>\n<p>[\/et_pb_text][et_pb_button button_url=\u00bbhttps:\/\/www.hotelcondestableiranzo.com\/?td=b00ga00&#038;referer_code=ADWORDS&#038;gad_source=1&#038;gclid=CjwKCAiAjKu6BhAMEiwAx4UsAjoucOlNgPwSDqh_PnShs-TCIQ8MsS6B8Xo27a4dRjb2Li9Q86bNOBoCSyIQAvD_BwE\u00bb url_new_window=\u00bbon\u00bb button_text=\u00bbwww.hotelcondestableiranzo.com\u00bb _builder_version=\u00bb4.20.2&#8243; _module_preset=\u00bbdefault\u00bb global_colors_info=\u00bb{}\u00bb][\/et_pb_button][et_pb_text _builder_version=\u00bb4.27.4&#8243; _module_preset=\u00bb9f092da0-0372-4ede-ac49-d38a124b05a1&#8243; text_text_color=\u00bb#FFFFFF\u00bb text_orientation=\u00bbcenter\u00bb custom_margin=\u00bb|-14px||||\u00bb custom_padding=\u00bb33px|||||\u00bb hover_enabled=\u00bb0&#8243; inline_fonts=\u00bbtechniclite\u00bb global_colors_info=\u00bb{}\u00bb sticky_enabled=\u00bb0&#8243;]<\/p>\n<h3 style=\"text-align: left;\"><span style=\"color: #4f7336;\"><span style=\"font-family: techniclite;\"><b>Hotel Torrefaz en Torredelcampo **<\/b><\/span><span style=\"font-family: techniclite;\"><b>*<\/b><\/span><\/span><\/h3>\n<p style=\"text-align: left;\"><span style=\"color: #000000;\">Es un pueblo a 5 minutos de Ja\u00e9n que s\u00cd hay habitaciones bloqueadas.<br \/><\/span><span style=\"color: #000000;\">Precio: sobre 60\u20ac\/noche.<br \/>Reservas a nombre de: Juan Aranda<\/span><\/p>\n<p>[\/et_pb_text][et_pb_button button_url=\u00bbhttps:\/\/www.hoteltorrezaf.com\/\u00bb url_new_window=\u00bbon\u00bb button_text=\u00bbwww.hoteltorrezaf.com\u00bb _builder_version=\u00bb4.20.2&#8243; _module_preset=\u00bbdefault\u00bb global_colors_info=\u00bb{}\u00bb][\/et_pb_button][et_pb_text _builder_version=\u00bb4.20.2&#8243; _module_preset=\u00bb9f092da0-0372-4ede-ac49-d38a124b05a1&#8243; text_text_color=\u00bb#FFFFFF\u00bb text_orientation=\u00bbcenter\u00bb custom_margin=\u00bb|-14px||||\u00bb custom_padding=\u00bb33px|||||\u00bb inline_fonts=\u00bbtechniclite\u00bb global_colors_info=\u00bb{}\u00bb]<\/p>\n<h3 style=\"text-align: left;\"><span style=\"color: #4f7336;\"><span style=\"font-family: techniclite;\"><b>Hotel Juleca **<\/b><\/span><span style=\"font-family: techniclite;\"><b>*<\/b><\/span><\/span><\/h3>\n<p style=\"text-align: left;\"><span style=\"color: #000000;\">Est\u00e1 a las afueras de Ja\u00e9n si quer\u00e9is m\u00e1s tranquilidad. Hay bloqueadas varias habitaciones entre dobles, tripes y cu\u00e1druples.<br \/>Precio: os lo dir\u00e1n por tel\u00e9fono: 953326006<br \/>Reservas a nombre de: Juan Aranda.<br \/><\/span><\/p>\n<p>[\/et_pb_text][et_pb_button button_url=\u00bbhttps:\/\/juleca.es\/\u00bb url_new_window=\u00bbon\u00bb button_text=\u00bbwww.JULECA.COM\u00bb _builder_version=\u00bb4.20.2&#8243; _module_preset=\u00bbdefault\u00bb global_colors_info=\u00bb{}\u00bb][\/et_pb_button][\/et_pb_column][\/et_pb_row][\/et_pb_section]<\/p>\n","protected":false},"excerpt":{"rendered":"<p>\u00a0 \u00a0ALOJAMIENTOSJA\u00c9NDebido al evento Expoliva, que se celebra ese mismo fin de semana, la mayor\u00eda ya tendr\u00e9is reservado vuestro alojamiento. Sin embargo, os lo recordamos por si a\u00fan no hab\u00e9is hecho vuestra reserva. Estos son los alojamientos que hemos podido apalabrar: Hotel Condestable Iranzo **** No hacen bloqueos como tal sino que hacemos acuerdo con [&hellip;]<\/p>\n","protected":false},"author":1,"featured_media":0,"parent":0,"menu_order":0,"comment_status":"closed","ping_status":"closed","template":"","meta":{"_et_pb_use_builder":"on","_et_pb_old_content":"","_et_gb_content_width":""},"_links":{"self":[{"href":"https:\/\/diecisietedemayo.com\/index.php?rest_route=\/wp\/v2\/pages\/53"}],"collection":[{"href":"https:\/\/diecisietedemayo.com\/index.php?rest_route=\/wp\/v2\/pages"}],"about":[{"href":"https:\/\/diecisietedemayo.com\/index.php?rest_route=\/wp\/v2\/types\/page"}],"author":[{"embeddable":true,"href":"https:\/\/diecisietedemayo.com\/index.php?rest_route=\/wp\/v2\/users\/1"}],"replies":[{"embeddable":true,"href":"https:\/\/diecisietedemayo.com\/index.php?rest_route=%2Fwp%2Fv2%2Fcomments&post=53"}],"version-history":[{"count":47,"href":"https:\/\/diecisietedemayo.com\/index.php?rest_route=\/wp\/v2\/pages\/53\/revisions"}],"predecessor-version":[{"id":908,"href":"https:\/\/diecisietedemayo.com\/index.php?rest_route=\/wp\/v2\/pages\/53\/revisions\/908"}],"wp:attachment":[{"href":"https:\/\/diecisietedemayo.com\/index.php?rest_route=%2Fwp%2Fv2%2Fmedia&parent=53"}],"curies":[{"name":"wp","href":"https:\/\/api.w.org\/{rel}","templated":true}]}}