{"id":49,"date":"2023-03-18T18:52:18","date_gmt":"2023-03-18T18:52:18","guid":{"rendered":"https:\/\/diecisietedemayo.com\/?page_id=49"},"modified":"2025-01-09T11:59:56","modified_gmt":"2025-01-09T11:59:56","slug":"celebracion","status":"publish","type":"page","link":"https:\/\/diecisietedemayo.com\/?page_id=49","title":{"rendered":"Celebraci\u00f3n"},"content":{"rendered":"<p>[et_pb_section fb_built=\u00bb1&#8243; admin_label=\u00bbHeader\u00bb _builder_version=\u00bb4.20.2&#8243; background_color=\u00bb#FFFFFF\u00bb custom_padding=\u00bb69px||0px||false|false\u00bb global_colors_info=\u00bb{}\u00bb][et_pb_row _builder_version=\u00bb4.20.2&#8243; z_index=\u00bb1&#8243; custom_padding=\u00bb1px|||||\u00bb global_colors_info=\u00bb{}\u00bb][et_pb_column type=\u00bb4_4&#8243; _builder_version=\u00bb4.16&#8243; custom_padding=\u00bb||||false|false\u00bb global_colors_info=\u00bb{}\u00bb][et_pb_divider show_divider=\u00bboff\u00bb _builder_version=\u00bb4.20.2&#8243; background_color=\u00bbrgba(34,84,8,0.21)\u00bb transform_translate=\u00bb250px|0px\u00bb transform_translate_linked=\u00bboff\u00bb positioning=\u00bbabsolute\u00bb position_origin_a=\u00bbtop_right\u00bb horizontal_offset=\u00bb50%\u00bb width=\u00bb48%\u00bb max_width=\u00bb20%\u00bb min_height=\u00bb900px\u00bb height=\u00bb500px\u00bb custom_margin=\u00bb|-6px|||false|false\u00bb custom_padding=\u00bb|0px||||\u00bb scroll_vertical_motion_enable=\u00bbon\u00bb scroll_vertical_motion=\u00bb0|50|50|100|0|0|2&#8243; scroll_horizontal_motion=\u00bb0|50|50|100|1|0|0.5&#8243; scroll_scaling_enable=\u00bbon\u00bb scroll_scaling=\u00bb0|50|50|100|100%|100|70%\u00bb motion_trigger_start=\u00bbbottom\u00bb global_colors_info=\u00bb{}\u00bb][\/et_pb_divider][et_pb_text _builder_version=\u00bb4.20.2&#8243; _module_preset=\u00bbdefault\u00bb text_font=\u00bbtechniclite|900|||||||\u00bb text_font_size=\u00bb74px\u00bb text_line_height=\u00bb1em\u00bb custom_margin=\u00bb-17px|||||\u00bb custom_padding=\u00bb0px|||||\u00bb global_colors_info=\u00bb{}\u00bb]<\/p>\n<p><span style=\"color: #2b4025;\"><strong>FINCA CERRO PUERTA\u00a0<\/strong><\/span><\/p>\n<p>[\/et_pb_text][et_pb_text _builder_version=\u00bb4.20.2&#8243; _module_preset=\u00bbdefault\u00bb text_font=\u00bbABeeZee||||||||\u00bb text_font_size=\u00bb44px\u00bb text_line_height=\u00bb1em\u00bb global_colors_info=\u00bb{}\u00bb]<\/p>\n<p><span style=\"color: #4f7336;\">JA\u00c9N<\/span><\/p>\n<p>[\/et_pb_text][\/et_pb_column][\/et_pb_row][et_pb_row column_structure=\u00bb1_2,1_2&#8243; use_custom_gutter=\u00bbon\u00bb gutter_width=\u00bb1&#8243; _builder_version=\u00bb4.20.2&#8243; custom_padding=\u00bb||0px|0px|false|false\u00bb global_colors_info=\u00bb{}\u00bb][et_pb_column type=\u00bb1_2&#8243; _builder_version=\u00bb4.16&#8243; custom_padding=\u00bb|||60px|false|false\u00bb global_colors_info=\u00bb{}\u00bb][et_pb_image src=\u00bbhttp:\/\/diecisietedemayo.com\/wp-content\/uploads\/2024\/12\/WhatsApp-Image-2024-12-02-at-15.45.31.jpeg\u00bb title_text=\u00bbWhatsApp Image 2024-12-02 at 15.45.31&#8243; _builder_version=\u00bb4.27.4&#8243; _module_preset=\u00bbdefault\u00bb custom_margin=\u00bb|||-61px||\u00bb global_colors_info=\u00bb{}\u00bb][\/et_pb_image][\/et_pb_column][et_pb_column type=\u00bb1_2&#8243; _builder_version=\u00bb4.16&#8243; custom_padding=\u00bb|||60px|false|false\u00bb global_colors_info=\u00bb{}\u00bb][et_pb_text _builder_version=\u00bb4.20.2&#8243; text_orientation=\u00bbjustified\u00bb width=\u00bb100%\u00bb custom_margin_tablet=\u00bb40px||40px||true|false\u00bb custom_margin_phone=\u00bb40px||40px|-62px|true|false\u00bb custom_margin_last_edited=\u00bbon|tablet\u00bb custom_padding=\u00bb|||0px|false|\u00bb locked=\u00bboff\u00bb global_colors_info=\u00bb{}\u00bb]<\/p>\n<p>La ceremonia civil y la fiesta tendr\u00e1n lugar en la <span style=\"color: #4f7336;\"><strong>Finca Cerro Puerta<\/strong><\/span>\u00a0un espacio \u00fanico situado en Ja\u00e9n. Rodeado de bosque y ubicado en plena monta\u00f1a, este lugar os ofrecer\u00e1 impresionantes vistas de las sierras de la zona. Adem\u00e1s, contar\u00e9is con todas las comodidades y servicios necesarios para disfrutar de un d\u00eda inolvidable.<\/p>\n<p><span style=\"color: #4f7336;\"><strong>Servicio de autobuses para invitados<\/strong>:<\/span><\/p>\n<p style=\"padding-left: 40px;\"><span style=\"color: #4f7336;\"><strong>Ida (Ja\u00e9n &#8211; Cerro Puerta)<\/strong>:<\/span> Salida desde El Corte Ingl\u00e9s a las 17:45h.<\/p>\n<p style=\"padding-left: 40px;\"><span style=\"color: #4f7336;\"><strong>Vuelta (Cerro Puerta &#8211; Ja\u00e9n)<\/strong>:<\/span> Salidas hacia Pioneros (centro) y El Corte Ingl\u00e9s a las 2:00 h y a las 5:50 h.<\/p>\n<p>El d\u00eda comenzar\u00e1 con un aperitivo tipo c\u00f3ctel, seguido de una deliciosa cena. Para cerrar la celebraci\u00f3n, nos espera una gran fiesta&#8230; \u00a1hasta que el cuerpo aguante!<\/p>\n<p><span style=\"color: #4f7336;\"><strong>\u00a1NOS VEMOS PRONTO!<\/strong><\/span><\/p>\n<p>[\/et_pb_text][\/et_pb_column][\/et_pb_row][\/et_pb_section]<\/p>\n","protected":false},"excerpt":{"rendered":"<p>FINCA CERRO PUERTA\u00a0JA\u00c9NLa ceremonia civil y la fiesta tendr\u00e1n lugar en la Finca Cerro Puerta\u00a0un espacio \u00fanico situado en Ja\u00e9n. Rodeado de bosque y ubicado en plena monta\u00f1a, este lugar os ofrecer\u00e1 impresionantes vistas de las sierras de la zona. Adem\u00e1s, contar\u00e9is con todas las comodidades y servicios necesarios para disfrutar de un d\u00eda inolvidable. [&hellip;]<\/p>\n","protected":false},"author":1,"featured_media":0,"parent":0,"menu_order":0,"comment_status":"closed","ping_status":"closed","template":"","meta":{"_et_pb_use_builder":"on","_et_pb_old_content":"","_et_gb_content_width":""},"_links":{"self":[{"href":"https:\/\/diecisietedemayo.com\/index.php?rest_route=\/wp\/v2\/pages\/49"}],"collection":[{"href":"https:\/\/diecisietedemayo.com\/index.php?rest_route=\/wp\/v2\/pages"}],"about":[{"href":"https:\/\/diecisietedemayo.com\/index.php?rest_route=\/wp\/v2\/types\/page"}],"author":[{"embeddable":true,"href":"https:\/\/diecisietedemayo.com\/index.php?rest_route=\/wp\/v2\/users\/1"}],"replies":[{"embeddable":true,"href":"https:\/\/diecisietedemayo.com\/index.php?rest_route=%2Fwp%2Fv2%2Fcomments&post=49"}],"version-history":[{"count":24,"href":"https:\/\/diecisietedemayo.com\/index.php?rest_route=\/wp\/v2\/pages\/49\/revisions"}],"predecessor-version":[{"id":872,"href":"https:\/\/diecisietedemayo.com\/index.php?rest_route=\/wp\/v2\/pages\/49\/revisions\/872"}],"wp:attachment":[{"href":"https:\/\/diecisietedemayo.com\/index.php?rest_route=%2Fwp%2Fv2%2Fmedia&parent=49"}],"curies":[{"name":"wp","href":"https:\/\/api.w.org\/{rel}","templated":true}]}}